{"id":1310,"date":"2024-01-26T21:42:20","date_gmt":"2024-01-26T21:42:20","guid":{"rendered":"https:\/\/votefrankperez.com\/respaldos\/"},"modified":"2024-10-11T21:54:14","modified_gmt":"2024-10-11T21:54:14","slug":"respaldos","status":"publish","type":"page","link":"https:\/\/votefrankperez.com\/es\/respaldos\/","title":{"rendered":"Respaldos"},"content":{"rendered":"<p>[et_pb_section fb_built=&#8221;1&#8243; _builder_version=&#8221;4.23.2&#8243; _module_preset=&#8221;default&#8221; background_color=&#8221;#9E0000&#8243; custom_margin=&#8221;||||false|false&#8221; custom_padding=&#8221;10px||0px||false|false&#8221; da_disable_devices=&#8221;off|off|off&#8221; border_width_top=&#8221;23px&#8221; border_color_top=&#8221;#FFFFFF&#8221; global_colors_info=&#8221;{}&#8221; da_is_popup=&#8221;off&#8221; da_exit_intent=&#8221;off&#8221; da_has_close=&#8221;on&#8221; da_alt_close=&#8221;off&#8221; da_dark_close=&#8221;off&#8221; da_not_modal=&#8221;on&#8221; da_is_singular=&#8221;off&#8221; da_with_loader=&#8221;off&#8221; da_has_shadow=&#8221;on&#8221;][et_pb_row _builder_version=&#8221;4.23.2&#8243; _module_preset=&#8221;default&#8221; global_colors_info=&#8221;{}&#8221;][et_pb_column type=&#8221;4_4&#8243; _builder_version=&#8221;4.23.2&#8243; _module_preset=&#8221;default&#8221; global_colors_info=&#8221;{}&#8221;][et_pb_text _builder_version=&#8221;4.23.2&#8243; _module_preset=&#8221;default&#8221; background_layout=&#8221;dark&#8221; global_colors_info=&#8221;{}&#8221;]<\/p>\n<h1>Respaldos<\/h1>\n<p>[\/et_pb_text][\/et_pb_column][\/et_pb_row][\/et_pb_section][et_pb_section fb_built=&#8221;1&#8243; _builder_version=&#8221;4.23.2&#8243; _module_preset=&#8221;default&#8221; custom_padding=&#8221;||3px|||&#8221; da_disable_devices=&#8221;off|off|off&#8221; global_colors_info=&#8221;{}&#8221; da_is_popup=&#8221;off&#8221; da_exit_intent=&#8221;off&#8221; da_has_close=&#8221;on&#8221; da_alt_close=&#8221;off&#8221; da_dark_close=&#8221;off&#8221; da_not_modal=&#8221;on&#8221; da_is_singular=&#8221;off&#8221; da_with_loader=&#8221;off&#8221; da_has_shadow=&#8221;on&#8221;][et_pb_row _builder_version=&#8221;4.23.2&#8243; _module_preset=&#8221;default&#8221; custom_padding=&#8221;||6px|||&#8221; global_colors_info=&#8221;{}&#8221;][et_pb_column type=&#8221;4_4&#8243; _builder_version=&#8221;4.23.2&#8243; _module_preset=&#8221;default&#8221; global_colors_info=&#8221;{}&#8221;][et_pb_text _builder_version=&#8221;4.23.2&#8243; _module_preset=&#8221;default&#8221; text_font_size=&#8221;24px&#8221; text_line_height=&#8221;1.6em&#8221; text_font_size_tablet=&#8221;21px&#8221; text_font_size_phone=&#8221;18px&#8221; text_font_size_last_edited=&#8221;on|tablet&#8221; global_colors_info=&#8221;{}&#8221;]<\/p>\n<p style=\"text-align: center;\">Estoy orgulloso de ser respaldado por las siguientes organizaciones, funcionarios electos e individuos.<\/p>\n<p>[\/et_pb_text][\/et_pb_column][\/et_pb_row][\/et_pb_section][et_pb_section fb_built=&#8221;1&#8243; specialty=&#8221;on&#8221; _builder_version=&#8221;4.23.2&#8243; _module_preset=&#8221;default&#8221; custom_padding=&#8221;9px||30px|||&#8221; da_disable_devices=&#8221;off|off|off&#8221; global_colors_info=&#8221;{}&#8221; da_is_popup=&#8221;off&#8221; da_exit_intent=&#8221;off&#8221; da_has_close=&#8221;on&#8221; da_alt_close=&#8221;off&#8221; da_dark_close=&#8221;off&#8221; da_not_modal=&#8221;on&#8221; da_is_singular=&#8221;off&#8221; da_with_loader=&#8221;off&#8221; da_has_shadow=&#8221;on&#8221;][et_pb_column type=&#8221;2_3&#8243; specialty_columns=&#8221;2&#8243; _builder_version=&#8221;4.16&#8243; custom_padding=&#8221;|||&#8221; global_colors_info=&#8221;{}&#8221; custom_padding__hover=&#8221;|||&#8221;][et_pb_row_inner _builder_version=&#8221;4.23.2&#8243; _module_preset=&#8221;default&#8221; custom_padding=&#8221;||4px|||&#8221; global_colors_info=&#8221;{}&#8221;][et_pb_column_inner saved_specialty_column_type=&#8221;2_3&#8243; _builder_version=&#8221;4.23.2&#8243; _module_preset=&#8221;default&#8221; global_colors_info=&#8221;{}&#8221;][et_pb_text _builder_version=&#8221;4.23.2&#8243; _module_preset=&#8221;default&#8221; global_colors_info=&#8221;{}&#8221;]<\/p>\n<h4>Organizaciones<\/h4>\n<p>[\/et_pb_text][\/et_pb_column_inner][\/et_pb_row_inner][et_pb_row_inner column_structure=&#8221;1_2,1_2&#8243; use_custom_gutter=&#8221;on&#8221; gutter_width=&#8221;2&#8243; _builder_version=&#8221;4.23.2&#8243; _module_preset=&#8221;default&#8221; custom_margin=&#8221;0px||||false|false&#8221; custom_padding=&#8221;0px||||false|false&#8221; global_colors_info=&#8221;{}&#8221;][et_pb_column_inner type=&#8221;1_2&#8243; saved_specialty_column_type=&#8221;2_3&#8243; _builder_version=&#8221;4.23.2&#8243; _module_preset=&#8221;default&#8221; global_colors_info=&#8221;{}&#8221;][et_pb_text _builder_version=&#8221;4.23.2&#8243; _module_preset=&#8221;default&#8221; text_text_color=&#8221;#152347&#8243; background_color=&#8221;rgba(21,35,71,0.08)&#8221; custom_margin=&#8221;||10px||false|false&#8221; custom_padding=&#8221;2px|5px|2px|5px|false|false&#8221; global_colors_info=&#8221;{}&#8221;]<\/p>\n<p class=\"p1\"><i>Sindicato de Trabajadores Laborales Local 169<\/i><\/p>\n<p>[\/et_pb_text][et_pb_image src=&#8221;https:\/\/votefrankperez.com\/wp-content\/uploads\/2024\/01\/LiUNA-Logo.png&#8221; title_text=&#8221;LiUNA Logo&#8221; _builder_version=&#8221;4.23.2&#8243; _module_preset=&#8221;default&#8221; global_colors_info=&#8221;{}&#8221;][\/et_pb_image][et_pb_text _builder_version=&#8221;4.23.2&#8243; _module_preset=&#8221;default&#8221; text_text_color=&#8221;#152347&#8243; background_color=&#8221;rgba(21,35,71,0.08)&#8221; custom_margin=&#8221;||0px||false|false&#8221; custom_padding=&#8221;2px|5px|2px|5px|false|false&#8221; global_colors_info=&#8221;{}&#8221;]<\/p>\n<p class=\"p1\"><i>Sindicato de Operadores Local 3<\/i><\/p>\n<p>[\/et_pb_text][et_pb_image src=&#8221;https:\/\/votefrankperez.com\/wp-content\/uploads\/2024\/01\/NV-political_logo-1.png&#8221; title_text=&#8221;NV political_logo (1)&#8221; _builder_version=&#8221;4.23.2&#8243; _module_preset=&#8221;default&#8221; global_colors_info=&#8221;{}&#8221;][\/et_pb_image][et_pb_text _builder_version=&#8221;4.25.0&#8243; _module_preset=&#8221;default&#8221; text_text_color=&#8221;#152347&#8243; background_color=&#8221;rgba(21,35,71,0.08)&#8221; custom_margin=&#8221;||0px||false|false&#8221; custom_padding=&#8221;2px|5px|2px|5px|false|false&#8221; global_colors_info=&#8221;{}&#8221;]<\/p>\n<p class=\"p1\"><i>AFL-CIO del Estado de Nevada<\/i><\/p>\n<p>[\/et_pb_text][et_pb_image src=&#8221;https:\/\/votefrankperez.com\/wp-content\/uploads\/2024\/04\/AFLCIO-Logo.jpg&#8221; title_text=&#8221;AFLCIO Logo&#8221; _builder_version=&#8221;4.25.0&#8243; _module_preset=&#8221;default&#8221; width=&#8221;69%&#8221; module_alignment=&#8221;center&#8221; custom_padding=&#8221;10px||||false|false&#8221; global_colors_info=&#8221;{}&#8221;][\/et_pb_image][et_pb_text _builder_version=&#8221;4.25.1&#8243; _module_preset=&#8221;default&#8221; text_text_color=&#8221;#152347&#8243; background_color=&#8221;rgba(21,35,71,0.08)&#8221; custom_margin=&#8221;||0px||false|false&#8221; custom_padding=&#8221;2px|5px|2px|5px|false|false&#8221; global_colors_info=&#8221;{}&#8221;]<\/p>\n<p class=\"p1\"><i>Teamsters 533<\/i><\/p>\n<p>[\/et_pb_text][et_pb_image src=&#8221;https:\/\/votefrankperez.com\/wp-content\/uploads\/2024\/05\/Local-533-Logo.jpg&#8221; alt=&#8221;Make the Road Action Nevada Endorsement logo&#8221; title_text=&#8221;Local 533 Logo&#8221; align=&#8221;center&#8221; _builder_version=&#8221;4.25.1&#8243; _module_preset=&#8221;default&#8221; width=&#8221;64%&#8221; custom_padding=&#8221;0px||||false|false&#8221; global_colors_info=&#8221;{}&#8221;][\/et_pb_image][et_pb_text _builder_version=&#8221;4.25.1&#8243; _module_preset=&#8221;default&#8221; text_text_color=&#8221;#152347&#8243; background_color=&#8221;rgba(21,35,71,0.08)&#8221; custom_margin=&#8221;||||false|false&#8221; custom_padding=&#8221;2px|5px|2px|5px|false|false&#8221; hover_enabled=&#8221;0&#8243; global_colors_info=&#8221;{}&#8221; sticky_enabled=&#8221;0&#8243;]<\/p>\n<p class=\"p1\"><i>Indivisible Northern Nevada<\/i><\/p>\n<p>[\/et_pb_text][et_pb_image src=&#8221;https:\/\/votefrankperez.com\/wp-content\/uploads\/2024\/10\/IndivisibleNN-Logo.png&#8221; alt=&#8221;Make the Road Action Nevada Endorsement logo&#8221; title_text=&#8221;IndivisibleNN-Logo&#8221; align=&#8221;center&#8221; _builder_version=&#8221;4.25.1&#8243; _module_preset=&#8221;default&#8221; width=&#8221;64%&#8221; hover_enabled=&#8221;0&#8243; global_colors_info=&#8221;{}&#8221; sticky_enabled=&#8221;0&#8243;][\/et_pb_image][et_pb_text _builder_version=&#8221;4.25.1&#8243; _module_preset=&#8221;default&#8221; text_text_color=&#8221;#152347&#8243; background_color=&#8221;rgba(21,35,71,0.08)&#8221; custom_padding=&#8221;2px|5px|2px|5px|false|false&#8221; hover_enabled=&#8221;0&#8243; global_colors_info=&#8221;{}&#8221; sticky_enabled=&#8221;0&#8243;]<\/p>\n<p class=\"p1\"><i>Culinary Workers Union Local 226<\/i><\/p>\n<p>[\/et_pb_text][et_pb_image src=&#8221;https:\/\/votefrankperez.com\/wp-content\/uploads\/2024\/10\/Culinary-Union-logoFINAL-01-1.png&#8221; alt=&#8221;Make the Road Action Nevada Endorsement logo&#8221; title_text=&#8221;Culinary-Union-logoFINAL-01-1&#8243; align=&#8221;center&#8221; _builder_version=&#8221;4.25.1&#8243; _module_preset=&#8221;default&#8221; width=&#8221;64%&#8221; custom_padding=&#8221;0px||||false|false&#8221; hover_enabled=&#8221;0&#8243; global_colors_info=&#8221;{}&#8221; sticky_enabled=&#8221;0&#8243;][\/et_pb_image][\/et_pb_column_inner][et_pb_column_inner type=&#8221;1_2&#8243; saved_specialty_column_type=&#8221;2_3&#8243; _builder_version=&#8221;4.23.2&#8243; _module_preset=&#8221;default&#8221; global_colors_info=&#8221;{}&#8221;][et_pb_text _builder_version=&#8221;4.23.2&#8243; _module_preset=&#8221;default&#8221; text_text_color=&#8221;#152347&#8243; background_color=&#8221;rgba(21,35,71,0.08)&#8221; custom_margin=&#8221;||0px||false|false&#8221; custom_padding=&#8221;2px|5px|2px|5px|false|false&#8221; global_colors_info=&#8221;{}&#8221;]<\/p>\n<p class=\"p1\"><i>Sindicato de Operadores Estacionarios Local 39<\/i><\/p>\n<p>[\/et_pb_text][et_pb_image src=&#8221;https:\/\/votefrankperez.com\/wp-content\/uploads\/2024\/01\/iuoe_39_logo_web.png&#8221; title_text=&#8221;iuoe_39_logo_web&#8221; align=&#8221;center&#8221; _builder_version=&#8221;4.23.2&#8243; _module_preset=&#8221;default&#8221; width=&#8221;64%&#8221; custom_padding=&#8221;0px||||false|false&#8221; global_colors_info=&#8221;{}&#8221;][\/et_pb_image][et_pb_text _builder_version=&#8221;4.25.0&#8243; _module_preset=&#8221;default&#8221; text_text_color=&#8221;#152347&#8243; background_color=&#8221;rgba(21,35,71,0.08)&#8221; custom_margin=&#8221;||0px||false|false&#8221; custom_padding=&#8221;2px|5px|2px|5px|false|false&#8221; global_colors_info=&#8221;{}&#8221;]<\/p>\n<p class=\"p1\"><i>Make the Road Action Nevada<\/i><\/p>\n<p>[\/et_pb_text][et_pb_image src=&#8221;https:\/\/votefrankperez.com\/wp-content\/uploads\/2024\/04\/Make-the-Road-Action-Nevada.jpg&#8221; alt=&#8221;Make the Road Action Nevada Endorsement logo&#8221; title_text=&#8221;Make the Road Action Nevada&#8221; align=&#8221;center&#8221; _builder_version=&#8221;4.25.0&#8243; _module_preset=&#8221;default&#8221; width=&#8221;64%&#8221; custom_padding=&#8221;0px||||false|false&#8221; global_colors_info=&#8221;{}&#8221;][\/et_pb_image][et_pb_text _builder_version=&#8221;4.25.0&#8243; _module_preset=&#8221;default&#8221; text_text_color=&#8221;#152347&#8243; background_color=&#8221;rgba(21,35,71,0.08)&#8221; custom_margin=&#8221;||0px||false|false&#8221; custom_padding=&#8221;2px|5px|2px|5px|false|false&#8221; global_colors_info=&#8221;{}&#8221;]<\/p>\n<p class=\"p1\"><i>Consejo Laboral Central del Norte de Nevada<\/i><\/p>\n<p>[\/et_pb_text][et_pb_image src=&#8221;https:\/\/votefrankperez.com\/wp-content\/uploads\/2024\/04\/NNCLC-logo.png&#8221; alt=&#8221;Make the Road Action Nevada Endorsement logo&#8221; title_text=&#8221;NNCLC logo&#8221; align=&#8221;center&#8221; _builder_version=&#8221;4.25.0&#8243; _module_preset=&#8221;default&#8221; width=&#8221;64%&#8221; custom_padding=&#8221;0px||||false|false&#8221; global_colors_info=&#8221;{}&#8221;][\/et_pb_image][et_pb_text _builder_version=&#8221;4.25.0&#8243; _module_preset=&#8221;default&#8221; text_text_color=&#8221;#152347&#8243; background_color=&#8221;rgba(21,35,71,0.08)&#8221; custom_margin=&#8221;||0px||false|false&#8221; custom_padding=&#8221;2px|5px|2px|5px|false|false&#8221; global_colors_info=&#8221;{}&#8221;]<\/p>\n<p class=\"p1\"><i>Building &amp; Construction Trades of NN<\/i><\/p>\n<p>[\/et_pb_text][et_pb_image src=&#8221;https:\/\/votefrankperez.com\/wp-content\/uploads\/2024\/05\/BCTNN-Logo-2021-Color.png&#8221; title_text=&#8221;BCTNN Logo 2021 Color&#8221; _builder_version=&#8221;4.25.1&#8243; _module_preset=&#8221;default&#8221; width=&#8221;69%&#8221; module_alignment=&#8221;center&#8221; custom_padding=&#8221;10px||||false|false&#8221; global_colors_info=&#8221;{}&#8221;][\/et_pb_image][et_pb_text _builder_version=&#8221;4.25.1&#8243; _module_preset=&#8221;default&#8221; text_text_color=&#8221;#152347&#8243; background_color=&#8221;rgba(21,35,71,0.08)&#8221; custom_margin=&#8221;||0px||false|false&#8221; custom_padding=&#8221;2px|5px|2px|5px|false|false&#8221; hover_enabled=&#8221;0&#8243; global_colors_info=&#8221;{}&#8221; sticky_enabled=&#8221;0&#8243;]<\/p>\n<p class=\"p1\"><i>Plumbers, Pipefitters &amp; HVAC Local 350<\/i><\/p>\n<p>[\/et_pb_text][et_pb_image src=&#8221;https:\/\/votefrankperez.com\/wp-content\/uploads\/2024\/10\/PlumbersPipefittersLocal350.jpg&#8221; title_text=&#8221;PlumbersPipefittersLocal350&#8243; _builder_version=&#8221;4.25.1&#8243; _module_preset=&#8221;default&#8221; width=&#8221;69%&#8221; module_alignment=&#8221;center&#8221; custom_padding=&#8221;10px||||false|false&#8221; hover_enabled=&#8221;0&#8243; global_colors_info=&#8221;{}&#8221; sticky_enabled=&#8221;0&#8243;][\/et_pb_image][\/et_pb_column_inner][\/et_pb_row_inner][\/et_pb_column][et_pb_column type=&#8221;1_3&#8243; _builder_version=&#8221;4.16&#8243; custom_padding=&#8221;|||&#8221; global_colors_info=&#8221;{}&#8221; custom_padding__hover=&#8221;|||&#8221;][et_pb_text _builder_version=&#8221;4.23.2&#8243; _module_preset=&#8221;default&#8221; global_colors_info=&#8221;{}&#8221;]<\/p>\n<h4>Funcionarios Electos<\/h4>\n<ul>\n<li>Senador de Nevada Skip Daly<\/li>\n<li>Senador de Nevada Fabian Do\u00f1ate<\/li>\n<li>Senador de Nevada Edgar Flores<\/li>\n<li>Asamble\u00edsta de Nevada Angie Taylor<\/li>\n<li>Asamble\u00edsta de Nevada Natha Anderson<\/li>\n<li>Asamble\u00edsta de Nevada Reuben D&#8217;Silva<\/li>\n<li>Asamble\u00edsta de Nevada Bea Duran<\/li>\n<li>Comisionada del Condado de Washoe Mariluz Garcia<\/li>\n<li>Fideicomisario de la Junta Escolar del Condado de Washoe Joe Rodriguez<\/li>\n<\/ul>\n<h4>Individuos<\/h4>\n<ul>\n<li>L\u00edder Comunitario Manny Becerra<\/li>\n<li>Due\u00f1o de Negocio Bill Carey<\/li>\n<li>L\u00edder Comunitaria Adrienne Feemster<\/li>\n<li>Profesional en Asuntos Gubernamentales Edith Duarte<\/li>\n<li>L\u00edder Empresarial Robert Goldberg<\/li>\n<li>Bibliotecaria Jubilada Marilyn Jones<\/li>\n<li>Due\u00f1o de Negocio Brock Marquez<\/li>\n<li>Agente Inmobiliario James Nava<\/li>\n<li>Bombero Roby Safford<\/li>\n<li>Profesor Jubilado y Veterano Dr. John Scire<\/li>\n<li>Abogado Mathew Work<\/li>\n<li>Abogado Victor Salcido<\/li>\n<li>Abogado Jayme Martinez<\/li>\n<\/ul>\n<p>[\/et_pb_text][\/et_pb_column][\/et_pb_section][et_pb_section fb_built=&#8221;1&#8243; specialty=&#8221;on&#8221; custom_padding_last_edited=&#8221;on|phone&#8221; _builder_version=&#8221;4.23.2&#8243; _module_preset=&#8221;default&#8221; background_color=&#8221;#4f546b&#8221; background_enable_image=&#8221;off&#8221; custom_padding=&#8221;15px||30px||false|false&#8221; custom_padding_tablet=&#8221;15px||30px||false|false&#8221; custom_padding_phone=&#8221;20px||||false|false&#8221; top_divider_color=&#8221;#9E0000&#8243; top_divider_height=&#8221;30px&#8221; bottom_divider_style=&#8221;arrow&#8221; bottom_divider_color=&#8221;#9E0000&#8243; bottom_divider_height=&#8221;25px&#8221; da_disable_devices=&#8221;off|off|off&#8221; global_module=&#8221;293&#8243; global_colors_info=&#8221;{}&#8221; da_is_popup=&#8221;off&#8221; da_exit_intent=&#8221;off&#8221; da_has_close=&#8221;on&#8221; da_alt_close=&#8221;off&#8221; da_dark_close=&#8221;off&#8221; da_not_modal=&#8221;on&#8221; da_is_singular=&#8221;off&#8221; da_with_loader=&#8221;off&#8221; da_has_shadow=&#8221;on&#8221;][et_pb_column type=&#8221;1_2&#8243; _builder_version=&#8221;4.16&#8243; custom_padding=&#8221;|||&#8221; global_colors_info=&#8221;{}&#8221; custom_padding__hover=&#8221;|||&#8221;][et_pb_text _builder_version=&#8221;4.23.2&#8243; _module_preset=&#8221;default&#8221; text_font=&#8221;|600|||||||&#8221; background_layout=&#8221;dark&#8221; custom_margin_tablet=&#8221;||||false|false&#8221; custom_margin_phone=&#8221;||||false|false&#8221; custom_margin_last_edited=&#8221;on|tablet&#8221; custom_padding=&#8221;15px||||false|false&#8221; custom_padding_tablet=&#8221;|0px||0%|false|false&#8221; custom_padding_phone=&#8221;|0px|0px|0%|false|false&#8221; custom_padding_last_edited=&#8221;on|phone&#8221; global_colors_info=&#8221;{}&#8221;]<\/p>\n<h2 style=\"text-align: center;\">\u00a1Por favor, ay\u00fadanos a crear un Reno m\u00e1s fuerte, limpio y seguro!<\/h2>\n<p style=\"text-align: center;\">Haz una contribuci\u00f3n hoy mismo.<\/p>\n<p>[\/et_pb_text][\/et_pb_column][et_pb_column type=&#8221;1_2&#8243; specialty_columns=&#8221;2&#8243; _builder_version=&#8221;4.16&#8243; custom_padding=&#8221;|||&#8221; global_colors_info=&#8221;{}&#8221; custom_padding__hover=&#8221;|||&#8221;][et_pb_row_inner column_structure=&#8221;1_2,1_2&#8243; use_custom_gutter=&#8221;on&#8221; gutter_width=&#8221;1&#8243; custom_padding_last_edited=&#8221;on|phone&#8221; _builder_version=&#8221;4.23.2&#8243; _module_preset=&#8221;default&#8221; custom_margin=&#8221;||0px||false|false&#8221; custom_margin_tablet=&#8221;||0px||false|false&#8221; custom_margin_phone=&#8221;0px||||false|false&#8221; custom_margin_last_edited=&#8221;on|phone&#8221; custom_padding=&#8221;||10px||false|false&#8221; custom_padding_tablet=&#8221;0px||10px||false|false&#8221; custom_padding_phone=&#8221;0px||||false|false&#8221; global_colors_info=&#8221;{}&#8221;][et_pb_column_inner type=&#8221;1_2&#8243; saved_specialty_column_type=&#8221;1_2&#8243; _builder_version=&#8221;4.16&#8243; _module_preset=&#8221;default&#8221; global_colors_info=&#8221;{}&#8221;][et_pb_button button_url=&#8221;https:\/\/secure.actblue.com\/donate\/perezforreno?express_lane=true&amp;amount=5&amp;refcode=express_lane_5&#8243; url_new_window=&#8221;on&#8221; button_text=&#8221;$5&#8243; button_alignment=&#8221;center&#8221; _builder_version=&#8221;4.23.2&#8243; _module_preset=&#8221;default&#8221; background_layout=&#8221;dark&#8221; custom_margin=&#8221;3px|2px|3px|2px|false|false&#8221; custom_padding=&#8221;3px||3px||true|false&#8221; custom_css_main_element=&#8221;width: 100%;&#8221; global_colors_info=&#8221;{}&#8221;][\/et_pb_button][et_pb_button button_url=&#8221;https:\/\/secure.actblue.com\/donate\/perezforreno?express_lane=true&amp;amount=25&amp;refcode=express_lane_25&#8243; url_new_window=&#8221;on&#8221; button_text=&#8221;$25&#8243; button_alignment=&#8221;center&#8221; _builder_version=&#8221;4.23.2&#8243; _module_preset=&#8221;default&#8221; background_layout=&#8221;dark&#8221; custom_margin=&#8221;3px|2px|3px|2px|false|false&#8221; custom_padding=&#8221;3px||3px||true|false&#8221; custom_css_main_element=&#8221;width: 100%;&#8221; global_colors_info=&#8221;{}&#8221;][\/et_pb_button][et_pb_button button_url=&#8221;https:\/\/secure.actblue.com\/donate\/perezforreno?express_lane=true&amp;amount=100&amp;refcode=express_lane_100&#8243; url_new_window=&#8221;on&#8221; button_text=&#8221;$100&#8243; button_alignment=&#8221;center&#8221; _builder_version=&#8221;4.23.2&#8243; _module_preset=&#8221;default&#8221; background_layout=&#8221;dark&#8221; custom_margin=&#8221;3px|2px|3px|2px|false|false&#8221; custom_padding=&#8221;3px||3px||true|false&#8221; custom_css_main_element=&#8221;width: 100%;&#8221; global_colors_info=&#8221;{}&#8221;][\/et_pb_button][\/et_pb_column_inner][et_pb_column_inner type=&#8221;1_2&#8243; saved_specialty_column_type=&#8221;1_2&#8243; _builder_version=&#8221;4.16&#8243; _module_preset=&#8221;default&#8221; global_colors_info=&#8221;{}&#8221;][et_pb_button button_url=&#8221;https:\/\/secure.actblue.com\/donate\/perezforreno?express_lane=true&amp;amount=10&amp;refcode=express_lane_10&#8243; url_new_window=&#8221;on&#8221; button_text=&#8221;$10&#8243; button_alignment=&#8221;center&#8221; _builder_version=&#8221;4.23.2&#8243; _module_preset=&#8221;default&#8221; background_layout=&#8221;dark&#8221; custom_margin=&#8221;3px|2px|3px|2px|false|false&#8221; custom_margin_tablet=&#8221;3px|2px|3px|2px|false|false&#8221; custom_margin_phone=&#8221;0px||||false|false&#8221; custom_margin_last_edited=&#8221;on|phone&#8221; custom_padding=&#8221;3px||3px||true|false&#8221; custom_padding_tablet=&#8221;3px||3px||true|false&#8221; custom_padding_phone=&#8221;3px||3px||true|false&#8221; custom_padding_last_edited=&#8221;on|tablet&#8221; custom_css_main_element=&#8221;width: 100%;&#8221; global_colors_info=&#8221;{}&#8221;][\/et_pb_button][et_pb_button button_url=&#8221;https:\/\/secure.actblue.com\/donate\/perezforreno?express_lane=true&amp;amount=50&amp;refcode=express_lane_50&#8243; url_new_window=&#8221;on&#8221; button_text=&#8221;$50&#8243; button_alignment=&#8221;center&#8221; _builder_version=&#8221;4.23.2&#8243; _module_preset=&#8221;default&#8221; background_layout=&#8221;dark&#8221; custom_margin=&#8221;3px|2px|3px|2px|false|false&#8221; custom_padding=&#8221;3px||3px||true|false&#8221; custom_css_main_element=&#8221;width: 100%;&#8221; global_colors_info=&#8221;{}&#8221;][\/et_pb_button][et_pb_button button_url=&#8221;https:\/\/secure.actblue.com\/donate\/perezforreno?express_lane_other=true&amp;refcode=express_lane_other&#8221; url_new_window=&#8221;on&#8221; button_text=&#8221;Otro&#8230;&#8221; button_alignment=&#8221;center&#8221; _builder_version=&#8221;4.23.2&#8243; _module_preset=&#8221;default&#8221; background_layout=&#8221;dark&#8221; custom_margin=&#8221;3px|2px|3px|2px|false|false&#8221; custom_padding=&#8221;3px||3px||true|false&#8221; custom_css_main_element=&#8221;width: 100%;&#8221; global_colors_info=&#8221;{}&#8221;][\/et_pb_button][\/et_pb_column_inner][\/et_pb_row_inner][et_pb_row_inner _builder_version=&#8221;4.16&#8243; _module_preset=&#8221;default&#8221; custom_margin=&#8221;0px||0px||false|false&#8221; custom_padding=&#8221;0px||0px||false|false&#8221; global_colors_info=&#8221;{}&#8221;][et_pb_column_inner saved_specialty_column_type=&#8221;1_2&#8243; _builder_version=&#8221;4.16&#8243; _module_preset=&#8221;default&#8221; global_colors_info=&#8221;{}&#8221;][et_pb_text _builder_version=&#8221;4.23.2&#8243; _module_preset=&#8221;default&#8221; text_font=&#8221;||on||||||&#8221; text_line_height=&#8221;1.4em&#8221; background_layout=&#8221;dark&#8221; custom_margin=&#8221;0px||||false|false&#8221; custom_padding=&#8221;0px|20px||20px|false|true&#8221; custom_padding_tablet=&#8221;&#8221; custom_padding_phone=&#8221;|0px||0px|false|true&#8221; custom_padding_last_edited=&#8221;on|phone&#8221; global_colors_info=&#8221;{}&#8221;]<\/p>\n<p style=\"text-align: center;\">Si ha guardado su informaci\u00f3n de pago con ActBlue Express, su donaci\u00f3n proceder\u00e1 de inmediato.<\/p>\n<p>[\/et_pb_text][\/et_pb_column_inner][\/et_pb_row_inner][\/et_pb_column][\/et_pb_section]<\/p>\n","protected":false},"excerpt":{"rendered":"<p>RespaldosEstoy orgulloso de ser respaldado por las siguientes organizaciones, funcionarios electos e individuos.OrganizacionesSindicato de Trabajadores Laborales Local 169Sindicato de Operadores Local 3AFL-CIO del Estado de NevadaTeamsters 533Indivisible Northern NevadaCulinary Workers Union Local 226Sindicato de Operadores Estacionarios Local 39Make the Road Action NevadaConsejo Laboral Central del Norte de NevadaBuilding &amp; Construction Trades of NNPlumbers, Pipefitters &amp; [&hellip;]<\/p>\n","protected":false},"author":1,"featured_media":0,"parent":0,"menu_order":0,"comment_status":"closed","ping_status":"closed","template":"","meta":{"_et_pb_use_builder":"on","_et_pb_old_content":"","_et_gb_content_width":"","footnotes":"","_links_to":"","_links_to_target":""},"class_list":["post-1310","page","type-page","status-publish","hentry"],"aioseo_notices":[],"_links":{"self":[{"href":"https:\/\/votefrankperez.com\/es\/wp-json\/wp\/v2\/pages\/1310","targetHints":{"allow":["GET"]}}],"collection":[{"href":"https:\/\/votefrankperez.com\/es\/wp-json\/wp\/v2\/pages"}],"about":[{"href":"https:\/\/votefrankperez.com\/es\/wp-json\/wp\/v2\/types\/page"}],"author":[{"embeddable":true,"href":"https:\/\/votefrankperez.com\/es\/wp-json\/wp\/v2\/users\/1"}],"replies":[{"embeddable":true,"href":"https:\/\/votefrankperez.com\/es\/wp-json\/wp\/v2\/comments?post=1310"}],"version-history":[{"count":4,"href":"https:\/\/votefrankperez.com\/es\/wp-json\/wp\/v2\/pages\/1310\/revisions"}],"predecessor-version":[{"id":1332,"href":"https:\/\/votefrankperez.com\/es\/wp-json\/wp\/v2\/pages\/1310\/revisions\/1332"}],"wp:attachment":[{"href":"https:\/\/votefrankperez.com\/es\/wp-json\/wp\/v2\/media?parent=1310"}],"curies":[{"name":"wp","href":"https:\/\/api.w.org\/{rel}","templated":true}]}}